{"id":32,"date":"2016-07-30T10:08:54","date_gmt":"2016-07-30T08:08:54","guid":{"rendered":"https:\/\/alt-noll.tiw-01.mxp.services\/?page_id=32"},"modified":"2018-04-12T10:39:48","modified_gmt":"2018-04-12T08:39:48","slug":"service","status":"publish","type":"page","link":"https:\/\/alt-noll.tiw-01.mxp.services\/en\/service\/","title":{"rendered":"DRY PROCESSING: SERVICE &#038; CONSULTING"},"content":{"rendered":"<p>Your materials and products have highest value. With us, they are in the best of hands. For more than 30 years, we have been a specialist in powder processing and processing technologies, with a spirit of invention, expert knowledge and experience going far beyond the ordinary.<\/p>\n<p>We provide you individual consulting and support in your toll grinding projects, accompany your R &amp; D and testing, and develop special processing solutions as well as machine configurations.<\/p>\n<p>&nbsp;<\/p>\n<h3><a href=\"https:\/\/alt-noll.tiw-01.mxp.services\/en\/artikel\/\">NOLL News<\/a><\/h3>\n<p>Read this and get smart! Special engineering reports and latest news on our trade fair appearances.<\/p>\n<h3><a href=\"https:\/\/alt-noll.tiw-01.mxp.services\/en\/energiemanagement\/\">Energy Management<\/a><\/h3>\n<p>Milling an classifying with a green thumb! Go into sustainable production and save energy at the same time!<\/p>\n<h3><a href=\"https:\/\/alt-noll.tiw-01.mxp.services\/en\/persoenliche-beratung\/\">Personal Consulting<\/a><\/h3>\n<p>In all phases of your project: We\u2019re always there with commitment and intensive support.<\/p>\n<h3><a href=\"https:\/\/alt-noll.tiw-01.mxp.services\/downloads\/\">Downloads<\/a><\/h3>\n<p>Additional technical information as PDFs<\/p>","protected":false},"excerpt":{"rendered":"<p>Your materials and products have highest value. With us, they are in the best of hands. For more than 30 years, we have been a specialist in powder processing and processing technologies, with a spirit of invention, expert knowledge and experience going far beyond the ordinary. We provide you individual consulting and support in your [&hellip;]<\/p>\n","protected":false},"author":1,"featured_media":0,"parent":0,"menu_order":0,"comment_status":"closed","ping_status":"closed","template":"","meta":{"footnotes":""},"class_list":["post-32","page","type-page","status-publish","hentry"],"yoast_head":"<!-- This site is optimized with the Yoast SEO plugin v27.5 - https:\/\/yoast.com\/product\/yoast-seo-wordpress\/ -->\n<title>Service &amp; Beratung - NOLL Aufbereitungstechnologie GmbH<\/title>\n<meta name=\"description\" content=\"Seit mehr als 30 Jahren sind wir der Spezialist f\u00fcr anspruchsvolle Aufbereitungsverfahren zu Veredelung von Sch\u00fcttg\u00fctern: Expertenwissen, Erfindergeist und ein Erfahrungsschatz, der seinesgleichen sucht! Wir beraten Sie pers\u00f6nlich in Projekten der Lohnvermahlung, begleiten Ihre Entwicklung &amp; Versuche im Technikum...\" \/>\n<meta name=\"robots\" content=\"index, follow, max-snippet:-1, max-image-preview:large, max-video-preview:-1\" \/>\n<link rel=\"canonical\" href=\"https:\/\/alt-noll.tiw-01.mxp.services\/en\/service\/\" \/>\n<meta property=\"og:locale\" content=\"en_US\" \/>\n<meta property=\"og:type\" content=\"article\" \/>\n<meta property=\"og:title\" content=\"Service &amp; Beratung - NOLL Aufbereitungstechnologie GmbH\" \/>\n<meta property=\"og:description\" content=\"Seit mehr als 30 Jahren sind wir der Spezialist f\u00fcr anspruchsvolle Aufbereitungsverfahren zu Veredelung von Sch\u00fcttg\u00fctern: Expertenwissen, Erfindergeist und ein Erfahrungsschatz, der seinesgleichen sucht! Wir beraten Sie pers\u00f6nlich in Projekten der Lohnvermahlung, begleiten Ihre Entwicklung &amp; Versuche im Technikum...\" \/>\n<meta property=\"og:url\" content=\"https:\/\/alt-noll.tiw-01.mxp.services\/en\/service\/\" \/>\n<meta property=\"og:site_name\" content=\"NOLL Aufbereitungstechnologie\" \/>\n<meta property=\"article:modified_time\" content=\"2018-04-12T08:39:48+00:00\" \/>\n<meta name=\"twitter:card\" content=\"summary_large_image\" \/>\n<meta name=\"twitter:label1\" content=\"Est. reading time\" \/>\n\t<meta name=\"twitter:data1\" content=\"1 minute\" \/>\n<script type=\"application\/ld+json\" class=\"yoast-schema-graph\">{\"@context\":\"https:\\\/\\\/schema.org\",\"@graph\":[{\"@type\":\"WebPage\",\"@id\":\"https:\\\/\\\/alt-noll.tiw-01.mxp.services\\\/en\\\/service\\\/\",\"url\":\"https:\\\/\\\/alt-noll.tiw-01.mxp.services\\\/en\\\/service\\\/\",\"name\":\"Service & Beratung - NOLL Aufbereitungstechnologie GmbH\",\"isPartOf\":{\"@id\":\"https:\\\/\\\/alt-noll.tiw-01.mxp.services\\\/#website\"},\"datePublished\":\"2016-07-30T08:08:54+00:00\",\"dateModified\":\"2018-04-12T08:39:48+00:00\",\"description\":\"Seit mehr als 30 Jahren sind wir der Spezialist f\u00fcr anspruchsvolle Aufbereitungsverfahren zu Veredelung von Sch\u00fcttg\u00fctern: Expertenwissen, Erfindergeist und ein Erfahrungsschatz, der seinesgleichen sucht! Wir beraten Sie pers\u00f6nlich in Projekten der Lohnvermahlung, begleiten Ihre Entwicklung & Versuche im Technikum...\",\"breadcrumb\":{\"@id\":\"https:\\\/\\\/alt-noll.tiw-01.mxp.services\\\/en\\\/service\\\/#breadcrumb\"},\"inLanguage\":\"en-US\",\"potentialAction\":[{\"@type\":\"ReadAction\",\"target\":[\"https:\\\/\\\/alt-noll.tiw-01.mxp.services\\\/en\\\/service\\\/\"]}]},{\"@type\":\"BreadcrumbList\",\"@id\":\"https:\\\/\\\/alt-noll.tiw-01.mxp.services\\\/en\\\/service\\\/#breadcrumb\",\"itemListElement\":[{\"@type\":\"ListItem\",\"position\":1,\"name\":\"Startseite\",\"item\":\"https:\\\/\\\/alt-noll.tiw-01.mxp.services\\\/\"},{\"@type\":\"ListItem\",\"position\":2,\"name\":\"DRY PROCESSING: SERVICE &#038; CONSULTING\"}]},{\"@type\":\"WebSite\",\"@id\":\"https:\\\/\\\/alt-noll.tiw-01.mxp.services\\\/#website\",\"url\":\"https:\\\/\\\/alt-noll.tiw-01.mxp.services\\\/\",\"name\":\"NOLL Aufbereitungstechnologie\",\"description\":\"Wer zu uns kommt, mahlt zuerst.\",\"potentialAction\":[{\"@type\":\"SearchAction\",\"target\":{\"@type\":\"EntryPoint\",\"urlTemplate\":\"https:\\\/\\\/alt-noll.tiw-01.mxp.services\\\/?s={search_term_string}\"},\"query-input\":{\"@type\":\"PropertyValueSpecification\",\"valueRequired\":true,\"valueName\":\"search_term_string\"}}],\"inLanguage\":\"en-US\"}]}<\/script>\n<!-- \/ Yoast SEO plugin. -->","yoast_head_json":{"title":"Service & Beratung - NOLL Aufbereitungstechnologie GmbH","description":"Seit mehr als 30 Jahren sind wir der Spezialist f\u00fcr anspruchsvolle Aufbereitungsverfahren zu Veredelung von Sch\u00fcttg\u00fctern: Expertenwissen, Erfindergeist und ein Erfahrungsschatz, der seinesgleichen sucht! Wir beraten Sie pers\u00f6nlich in Projekten der Lohnvermahlung, begleiten Ihre Entwicklung & Versuche im Technikum...","robots":{"index":"index","follow":"follow","max-snippet":"max-snippet:-1","max-image-preview":"max-image-preview:large","max-video-preview":"max-video-preview:-1"},"canonical":"https:\/\/alt-noll.tiw-01.mxp.services\/en\/service\/","og_locale":"en_US","og_type":"article","og_title":"Service & Beratung - NOLL Aufbereitungstechnologie GmbH","og_description":"Seit mehr als 30 Jahren sind wir der Spezialist f\u00fcr anspruchsvolle Aufbereitungsverfahren zu Veredelung von Sch\u00fcttg\u00fctern: Expertenwissen, Erfindergeist und ein Erfahrungsschatz, der seinesgleichen sucht! Wir beraten Sie pers\u00f6nlich in Projekten der Lohnvermahlung, begleiten Ihre Entwicklung & Versuche im Technikum...","og_url":"https:\/\/alt-noll.tiw-01.mxp.services\/en\/service\/","og_site_name":"NOLL Aufbereitungstechnologie","article_modified_time":"2018-04-12T08:39:48+00:00","twitter_card":"summary_large_image","twitter_misc":{"Est. reading time":"1 minute"},"schema":{"@context":"https:\/\/schema.org","@graph":[{"@type":"WebPage","@id":"https:\/\/alt-noll.tiw-01.mxp.services\/en\/service\/","url":"https:\/\/alt-noll.tiw-01.mxp.services\/en\/service\/","name":"Service & Beratung - NOLL Aufbereitungstechnologie GmbH","isPartOf":{"@id":"https:\/\/alt-noll.tiw-01.mxp.services\/#website"},"datePublished":"2016-07-30T08:08:54+00:00","dateModified":"2018-04-12T08:39:48+00:00","description":"Seit mehr als 30 Jahren sind wir der Spezialist f\u00fcr anspruchsvolle Aufbereitungsverfahren zu Veredelung von Sch\u00fcttg\u00fctern: Expertenwissen, Erfindergeist und ein Erfahrungsschatz, der seinesgleichen sucht! Wir beraten Sie pers\u00f6nlich in Projekten der Lohnvermahlung, begleiten Ihre Entwicklung & Versuche im Technikum...","breadcrumb":{"@id":"https:\/\/alt-noll.tiw-01.mxp.services\/en\/service\/#breadcrumb"},"inLanguage":"en-US","potentialAction":[{"@type":"ReadAction","target":["https:\/\/alt-noll.tiw-01.mxp.services\/en\/service\/"]}]},{"@type":"BreadcrumbList","@id":"https:\/\/alt-noll.tiw-01.mxp.services\/en\/service\/#breadcrumb","itemListElement":[{"@type":"ListItem","position":1,"name":"Startseite","item":"https:\/\/alt-noll.tiw-01.mxp.services\/"},{"@type":"ListItem","position":2,"name":"DRY PROCESSING: SERVICE &#038; CONSULTING"}]},{"@type":"WebSite","@id":"https:\/\/alt-noll.tiw-01.mxp.services\/#website","url":"https:\/\/alt-noll.tiw-01.mxp.services\/","name":"NOLL Aufbereitungstechnologie","description":"Wer zu uns kommt, mahlt zuerst.","potentialAction":[{"@type":"SearchAction","target":{"@type":"EntryPoint","urlTemplate":"https:\/\/alt-noll.tiw-01.mxp.services\/?s={search_term_string}"},"query-input":{"@type":"PropertyValueSpecification","valueRequired":true,"valueName":"search_term_string"}}],"inLanguage":"en-US"}]}},"_links":{"self":[{"href":"https:\/\/alt-noll.tiw-01.mxp.services\/en\/wp-json\/wp\/v2\/pages\/32","targetHints":{"allow":["GET"]}}],"collection":[{"href":"https:\/\/alt-noll.tiw-01.mxp.services\/en\/wp-json\/wp\/v2\/pages"}],"about":[{"href":"https:\/\/alt-noll.tiw-01.mxp.services\/en\/wp-json\/wp\/v2\/types\/page"}],"author":[{"embeddable":true,"href":"https:\/\/alt-noll.tiw-01.mxp.services\/en\/wp-json\/wp\/v2\/users\/1"}],"replies":[{"embeddable":true,"href":"https:\/\/alt-noll.tiw-01.mxp.services\/en\/wp-json\/wp\/v2\/comments?post=32"}],"version-history":[{"count":11,"href":"https:\/\/alt-noll.tiw-01.mxp.services\/en\/wp-json\/wp\/v2\/pages\/32\/revisions"}],"predecessor-version":[{"id":895,"href":"https:\/\/alt-noll.tiw-01.mxp.services\/en\/wp-json\/wp\/v2\/pages\/32\/revisions\/895"}],"wp:attachment":[{"href":"https:\/\/alt-noll.tiw-01.mxp.services\/en\/wp-json\/wp\/v2\/media?parent=32"}],"curies":[{"name":"wp","href":"https:\/\/api.w.org\/{rel}","templated":true}]}}